{"id":987,"date":"2024-02-17T10:44:02","date_gmt":"2024-02-17T13:44:02","guid":{"rendered":"https:\/\/energypadroes.com.br\/?post_type=product&#038;p=987"},"modified":"2024-08-02T17:36:18","modified_gmt":"2024-08-02T20:36:18","slug":"caixa-policarbonato-padrao-monofasico","status":"publish","type":"product","link":"https:\/\/energypadroes.com.br\/index.php\/product\/caixa-policarbonato-padrao-monofasico\/","title":{"rendered":"Caixa Policarbonato Padr\u00e3o Monof\u00e1sico"},"content":{"rendered":"","protected":false},"excerpt":{"rendered":"<p>Padr\u00e3o Monof\u00e1sico Caixa Policarbonato<\/p>\n","protected":false},"featured_media":1501,"comment_status":"open","ping_status":"closed","template":"","meta":{"om_disable_all_campaigns":false,"_monsterinsights_skip_tracking":false,"_monsterinsights_sitenote_active":false,"_monsterinsights_sitenote_note":"","_monsterinsights_sitenote_category":0,"_joinchat":[]},"product_cat":[15],"product_tag":[],"class_list":{"0":"post-987","1":"product","2":"type-product","3":"status-publish","4":"has-post-thumbnail","5":"hentry","6":"product_cat-padroes","8":"entry","9":"has-media","10":"owp-thumbs-layout-horizontal","11":"owp-btn-normal","12":"owp-tabs-layout-horizontal","13":"has-no-thumbnails","14":"has-product-nav"},"aioseo_notices":[],"_links":{"self":[{"href":"https:\/\/energypadroes.com.br\/index.php\/wp-json\/wp\/v2\/product\/987"}],"collection":[{"href":"https:\/\/energypadroes.com.br\/index.php\/wp-json\/wp\/v2\/product"}],"about":[{"href":"https:\/\/energypadroes.com.br\/index.php\/wp-json\/wp\/v2\/types\/product"}],"replies":[{"embeddable":true,"href":"https:\/\/energypadroes.com.br\/index.php\/wp-json\/wp\/v2\/comments?post=987"}],"wp:featuredmedia":[{"embeddable":true,"href":"https:\/\/energypadroes.com.br\/index.php\/wp-json\/wp\/v2\/media\/1501"}],"wp:attachment":[{"href":"https:\/\/energypadroes.com.br\/index.php\/wp-json\/wp\/v2\/media?parent=987"}],"wp:term":[{"taxonomy":"product_cat","embeddable":true,"href":"https:\/\/energypadroes.com.br\/index.php\/wp-json\/wp\/v2\/product_cat?post=987"},{"taxonomy":"product_tag","embeddable":true,"href":"https:\/\/energypadroes.com.br\/index.php\/wp-json\/wp\/v2\/product_tag?post=987"}],"curies":[{"name":"wp","href":"https:\/\/api.w.org\/{rel}","templated":true}]}}