{"id":1557,"date":"2024-08-08T10:43:58","date_gmt":"2024-08-08T13:43:58","guid":{"rendered":"https:\/\/energypadroes.com.br\/?post_type=product&#038;p=1557"},"modified":"2024-08-08T10:43:58","modified_gmt":"2024-08-08T13:43:58","slug":"caixa-de-correspondencia-aluminio-c-endereco-grande","status":"publish","type":"product","link":"https:\/\/energypadroes.com.br\/index.php\/product\/caixa-de-correspondencia-aluminio-c-endereco-grande\/","title":{"rendered":"Caixa de Correspond\u00eancia Alum\u00ednio C\/ Endere\u00e7o Grande"},"content":{"rendered":"","protected":false},"excerpt":{"rendered":"<p>Caixa de Correspond\u00eancia Alum\u00ednio C\/ Endere\u00e7o Grande<\/p>\n","protected":false},"featured_media":1549,"comment_status":"open","ping_status":"closed","template":"","meta":{"om_disable_all_campaigns":false,"_monsterinsights_skip_tracking":false,"_monsterinsights_sitenote_active":false,"_monsterinsights_sitenote_note":"","_monsterinsights_sitenote_category":0,"_joinchat":[]},"product_cat":[15],"product_tag":[],"class_list":{"0":"post-1557","1":"product","2":"type-product","3":"status-publish","4":"has-post-thumbnail","5":"hentry","6":"product_cat-padroes","8":"entry","9":"has-media","10":"owp-thumbs-layout-horizontal","11":"owp-btn-normal","12":"owp-tabs-layout-horizontal","13":"has-no-thumbnails","14":"has-product-nav"},"aioseo_notices":[],"_links":{"self":[{"href":"https:\/\/energypadroes.com.br\/index.php\/wp-json\/wp\/v2\/product\/1557"}],"collection":[{"href":"https:\/\/energypadroes.com.br\/index.php\/wp-json\/wp\/v2\/product"}],"about":[{"href":"https:\/\/energypadroes.com.br\/index.php\/wp-json\/wp\/v2\/types\/product"}],"replies":[{"embeddable":true,"href":"https:\/\/energypadroes.com.br\/index.php\/wp-json\/wp\/v2\/comments?post=1557"}],"wp:featuredmedia":[{"embeddable":true,"href":"https:\/\/energypadroes.com.br\/index.php\/wp-json\/wp\/v2\/media\/1549"}],"wp:attachment":[{"href":"https:\/\/energypadroes.com.br\/index.php\/wp-json\/wp\/v2\/media?parent=1557"}],"wp:term":[{"taxonomy":"product_cat","embeddable":true,"href":"https:\/\/energypadroes.com.br\/index.php\/wp-json\/wp\/v2\/product_cat?post=1557"},{"taxonomy":"product_tag","embeddable":true,"href":"https:\/\/energypadroes.com.br\/index.php\/wp-json\/wp\/v2\/product_tag?post=1557"}],"curies":[{"name":"wp","href":"https:\/\/api.w.org\/{rel}","templated":true}]}}