{"id":1537,"date":"2024-08-07T15:11:21","date_gmt":"2024-08-07T18:11:21","guid":{"rendered":"https:\/\/energypadroes.com.br\/?post_type=product&#038;p=1537"},"modified":"2024-08-07T15:11:21","modified_gmt":"2024-08-07T18:11:21","slug":"caixa-de-correspondencia-aluminio-media-c-endereco-casa","status":"publish","type":"product","link":"https:\/\/energypadroes.com.br\/index.php\/product\/caixa-de-correspondencia-aluminio-media-c-endereco-casa\/","title":{"rendered":"Caixa de Correspond\u00eancia Alum\u00ednio M\u00e9dia C\/ Endere\u00e7o Casa"},"content":{"rendered":"","protected":false},"excerpt":{"rendered":"<p>Caixa de Correspond\u00eancia Alum\u00ednio M\u00e9dia C\/ Endere\u00e7o Casa<\/p>\n","protected":false},"featured_media":1519,"comment_status":"open","ping_status":"closed","template":"","meta":{"om_disable_all_campaigns":false,"_monsterinsights_skip_tracking":false,"_monsterinsights_sitenote_active":false,"_monsterinsights_sitenote_note":"","_monsterinsights_sitenote_category":0,"_joinchat":[]},"product_cat":[15],"product_tag":[],"class_list":{"0":"post-1537","1":"product","2":"type-product","3":"status-publish","4":"has-post-thumbnail","5":"hentry","6":"product_cat-padroes","8":"entry","9":"has-media","10":"owp-thumbs-layout-horizontal","11":"owp-btn-normal","12":"owp-tabs-layout-horizontal","13":"has-no-thumbnails","14":"has-product-nav"},"aioseo_notices":[],"_links":{"self":[{"href":"https:\/\/energypadroes.com.br\/index.php\/wp-json\/wp\/v2\/product\/1537"}],"collection":[{"href":"https:\/\/energypadroes.com.br\/index.php\/wp-json\/wp\/v2\/product"}],"about":[{"href":"https:\/\/energypadroes.com.br\/index.php\/wp-json\/wp\/v2\/types\/product"}],"replies":[{"embeddable":true,"href":"https:\/\/energypadroes.com.br\/index.php\/wp-json\/wp\/v2\/comments?post=1537"}],"wp:featuredmedia":[{"embeddable":true,"href":"https:\/\/energypadroes.com.br\/index.php\/wp-json\/wp\/v2\/media\/1519"}],"wp:attachment":[{"href":"https:\/\/energypadroes.com.br\/index.php\/wp-json\/wp\/v2\/media?parent=1537"}],"wp:term":[{"taxonomy":"product_cat","embeddable":true,"href":"https:\/\/energypadroes.com.br\/index.php\/wp-json\/wp\/v2\/product_cat?post=1537"},{"taxonomy":"product_tag","embeddable":true,"href":"https:\/\/energypadroes.com.br\/index.php\/wp-json\/wp\/v2\/product_tag?post=1537"}],"curies":[{"name":"wp","href":"https:\/\/api.w.org\/{rel}","templated":true}]}}