{"id":1376,"date":"2024-05-20T14:13:38","date_gmt":"2024-05-20T17:13:38","guid":{"rendered":"https:\/\/energypadroes.com.br\/?post_type=product&#038;p=1376"},"modified":"2024-08-26T11:40:15","modified_gmt":"2024-08-26T14:40:15","slug":"lampada-led-retro-e-27-4w-ambar-g-80-2200k-filamento-taschibra","status":"publish","type":"product","link":"https:\/\/energypadroes.com.br\/index.php\/product\/lampada-led-retro-e-27-4w-ambar-g-80-2200k-filamento-taschibra\/","title":{"rendered":"L\u00e2mpada LED retro E-27 4W \u00e2mbar G-80 2200K filamento taschibra"},"content":{"rendered":"","protected":false},"excerpt":{"rendered":"<p>L\u00e2mpada LED retro E-27 4W \u00e2mbar G-80 2200K filamento taschibra<\/p>\n","protected":false},"featured_media":1651,"comment_status":"open","ping_status":"closed","template":"","meta":{"om_disable_all_campaigns":false,"_monsterinsights_skip_tracking":false,"_monsterinsights_sitenote_active":false,"_monsterinsights_sitenote_note":"","_monsterinsights_sitenote_category":0,"_joinchat":[]},"product_cat":[15],"product_tag":[],"class_list":{"0":"post-1376","1":"product","2":"type-product","3":"status-publish","4":"has-post-thumbnail","5":"hentry","6":"product_cat-padroes","8":"entry","9":"has-media","10":"owp-thumbs-layout-horizontal","11":"owp-btn-normal","12":"owp-tabs-layout-horizontal","13":"has-no-thumbnails","14":"has-product-nav"},"aioseo_notices":[],"_links":{"self":[{"href":"https:\/\/energypadroes.com.br\/index.php\/wp-json\/wp\/v2\/product\/1376"}],"collection":[{"href":"https:\/\/energypadroes.com.br\/index.php\/wp-json\/wp\/v2\/product"}],"about":[{"href":"https:\/\/energypadroes.com.br\/index.php\/wp-json\/wp\/v2\/types\/product"}],"replies":[{"embeddable":true,"href":"https:\/\/energypadroes.com.br\/index.php\/wp-json\/wp\/v2\/comments?post=1376"}],"wp:featuredmedia":[{"embeddable":true,"href":"https:\/\/energypadroes.com.br\/index.php\/wp-json\/wp\/v2\/media\/1651"}],"wp:attachment":[{"href":"https:\/\/energypadroes.com.br\/index.php\/wp-json\/wp\/v2\/media?parent=1376"}],"wp:term":[{"taxonomy":"product_cat","embeddable":true,"href":"https:\/\/energypadroes.com.br\/index.php\/wp-json\/wp\/v2\/product_cat?post=1376"},{"taxonomy":"product_tag","embeddable":true,"href":"https:\/\/energypadroes.com.br\/index.php\/wp-json\/wp\/v2\/product_tag?post=1376"}],"curies":[{"name":"wp","href":"https:\/\/api.w.org\/{rel}","templated":true}]}}